{"id":235,"date":"2025-10-25T18:53:18","date_gmt":"2025-10-25T16:53:18","guid":{"rendered":"http:\/\/heelsbywerkaao.pl\/?page_id=235"},"modified":"2026-03-11T20:56:35","modified_gmt":"2026-03-11T19:56:35","slug":"o-mnie","status":"publish","type":"page","link":"https:\/\/heelsbywerkaao.pl\/?page_id=235","title":{"rendered":"O MNIE"},"content":{"rendered":"\t\t<div data-elementor-type=\"wp-page\" data-elementor-id=\"235\" class=\"elementor elementor-235\" data-elementor-settings=\"{&quot;ha_cmc_init_switcher&quot;:&quot;no&quot;}\">\n\t\t\t\t<div class=\"elementor-element elementor-element-d712eb3 e-flex e-con-boxed tmpcoder-jarallax-no tmpcoder-parallax-no tmpcoder-particle-no tmpcoder-sticky-section-no e-con e-parent\" data-id=\"d712eb3\" data-element_type=\"container\" data-e-type=\"container\" data-settings=\"{&quot;_ha_eqh_enable&quot;:false}\">\n\t\t\t\t\t<div class=\"e-con-inner\">\n\t\t<div class=\"elementor-element elementor-element-2c6a37e e-con-full e-flex tmpcoder-jarallax-no tmpcoder-parallax-no tmpcoder-particle-no tmpcoder-sticky-section-no e-con e-child\" data-id=\"2c6a37e\" data-element_type=\"container\" data-e-type=\"container\" data-settings=\"{&quot;_ha_eqh_enable&quot;:false}\">\n\t\t\t\t<div class=\"elementor-element elementor-element-2d9c1ab elementor-invisible elementor-widget elementor-widget-heading\" data-id=\"2d9c1ab\" data-element_type=\"widget\" data-e-type=\"widget\" data-settings=\"{&quot;_animation&quot;:&quot;fadeIn&quot;}\" data-widget_type=\"heading.default\">\n\t\t\t\t\t<h2 class=\"elementor-heading-title elementor-size-default\">Cze\u015b\u0107!<\/h2>\t\t\t\t<\/div>\n\t\t\t\t<div class=\"elementor-element elementor-element-816e2c2 elementor-invisible elementor-widget elementor-widget-heading\" data-id=\"816e2c2\" data-element_type=\"widget\" data-e-type=\"widget\" data-settings=\"{&quot;_animation&quot;:&quot;fadeIn&quot;}\" data-widget_type=\"heading.default\">\n\t\t\t\t\t<h2 class=\"elementor-heading-title elementor-size-default\">Nazywam si\u0119 Weronika Osm\u0119da.<\/h2>\t\t\t\t<\/div>\n\t\t\t\t<div class=\"elementor-element elementor-element-e7c0b6b elementor-invisible elementor-widget elementor-widget-text-editor\" data-id=\"e7c0b6b\" data-element_type=\"widget\" data-e-type=\"widget\" data-settings=\"{&quot;_animation&quot;:&quot;fadeIn&quot;}\" data-widget_type=\"text-editor.default\">\n\t\t\t\t\t\t\t\t\t<p data-start=\"306\" data-end=\"476\">Ta\u0144cz\u0119 od \u00f3smego roku \u017cycia \u2014 zaczyna\u0142am od ta\u0144ca towarzyskiego, a od 2020 roku moj\u0105 najwi\u0119ksz\u0105 pasj\u0105 sta\u0142 si\u0119 <strong data-start=\"459\" data-end=\"473\">High Heels<\/strong>.<\/p><p data-start=\"478\" data-end=\"756\">Pomagam kobietom odkrywa\u0107 <strong data-start=\"504\" data-end=\"540\">pewno\u015b\u0107 siebie i kobiec\u0105 energi\u0119<\/strong> \u2014 nie tylko na parkiecie, ale te\u017c w codziennym \u017cyciu.<br data-start=\"594\" data-end=\"597\" \/>Na moich zaj\u0119ciach \u0142\u0105cz\u0119 <strong data-start=\"622\" data-end=\"671\">technik\u0119, ekspresj\u0119 i kobiecy charakter ta\u0144ca<\/strong>, tak aby ka\u017cda z uczestniczek mog\u0142a poczu\u0107 si\u0119 <strong data-start=\"719\" data-end=\"753\">swobodnie, pi\u0119knie i wyj\u0105tkowo<\/strong>.<\/p><p data-start=\"758\" data-end=\"946\">Stawiam na <strong data-start=\"769\" data-end=\"814\">atmosfer\u0119 wsparcia, luzu i dobrej energii<\/strong>, bo wierz\u0119, \u017ce taniec to co\u015b wi\u0119cej ni\u017c tylko ruch.<br data-start=\"866\" data-end=\"869\" \/>To spos\u00f3b, by <strong data-start=\"883\" data-end=\"943\">budowa\u0107 swoj\u0105 si\u0142\u0119, pewno\u015b\u0107 siebie i rado\u015b\u0107 z bycia sob\u0105<\/strong>.<\/p>\t\t\t\t\t\t\t\t<\/div>\n\t\t\t\t<\/div>\n\t\t<div class=\"elementor-element elementor-element-26b1f6a e-con-full e-flex tmpcoder-jarallax-no tmpcoder-parallax-no tmpcoder-particle-no tmpcoder-sticky-section-no e-con e-child\" data-id=\"26b1f6a\" data-element_type=\"container\" data-e-type=\"container\" data-settings=\"{&quot;_ha_eqh_enable&quot;:false}\">\n\t\t\t\t<div class=\"elementor-element elementor-element-4d06135 elementor-invisible elementor-widget elementor-widget-image\" data-id=\"4d06135\" data-element_type=\"widget\" data-e-type=\"widget\" data-settings=\"{&quot;_animation&quot;:&quot;fadeIn&quot;}\" data-widget_type=\"image.default\">\n\t\t\t\t\t\t\t\t\t\t\t\t\t\t\t<img fetchpriority=\"high\" decoding=\"async\" width=\"640\" height=\"800\" src=\"https:\/\/heelsbywerkaao.pl\/wp-content\/uploads\/2025\/11\/WER0925_9-819x1024.webp\" class=\"attachment-large size-large wp-image-512\" alt=\"\" srcset=\"https:\/\/heelsbywerkaao.pl\/wp-content\/uploads\/2025\/11\/WER0925_9-819x1024.webp 819w, https:\/\/heelsbywerkaao.pl\/wp-content\/uploads\/2025\/11\/WER0925_9-240x300.webp 240w, https:\/\/heelsbywerkaao.pl\/wp-content\/uploads\/2025\/11\/WER0925_9-768x960.webp 768w, https:\/\/heelsbywerkaao.pl\/wp-content\/uploads\/2025\/11\/WER0925_9-1229x1536.webp 1229w, https:\/\/heelsbywerkaao.pl\/wp-content\/uploads\/2025\/11\/WER0925_9-scaled.webp 1536w\" sizes=\"(max-width: 640px) 100vw, 640px\" \/>\t\t\t\t\t\t\t\t\t\t\t\t\t\t\t<\/div>\n\t\t\t\t<\/div>\n\t\t\t\t\t<\/div>\n\t\t\t\t<\/div>\n\t\t<div class=\"elementor-element elementor-element-e15cfc7 e-flex e-con-boxed tmpcoder-jarallax-no tmpcoder-parallax-no tmpcoder-particle-no tmpcoder-sticky-section-no e-con e-parent\" data-id=\"e15cfc7\" data-element_type=\"container\" data-e-type=\"container\" data-settings=\"{&quot;_ha_eqh_enable&quot;:false}\">\n\t\t\t\t\t<div class=\"e-con-inner\">\n\t\t\t\t<div class=\"elementor-element elementor-element-d7277d3 elementor-widget elementor-widget-spacer\" data-id=\"d7277d3\" data-element_type=\"widget\" data-e-type=\"widget\" data-widget_type=\"spacer.default\">\n\t\t\t\t\t\t\t<div class=\"elementor-spacer\">\n\t\t\t<div class=\"elementor-spacer-inner\"><\/div>\n\t\t<\/div>\n\t\t\t\t\t\t<\/div>\n\t\t\t\t\t<\/div>\n\t\t\t\t<\/div>\n\t\t\t\t<\/div>\n\t\t","protected":false},"excerpt":{"rendered":"<p>Cze\u015b\u0107! Nazywam si\u0119 Weronika Osm\u0119da. Ta\u0144cz\u0119 od \u00f3smego roku \u017cycia \u2014 zaczyna\u0142am od ta\u0144ca towarzyskiego, a od 2020 roku moj\u0105 najwi\u0119ksz\u0105 pasj\u0105 sta\u0142 si\u0119 High Heels. Pomagam kobietom odkrywa\u0107 pewno\u015b\u0107 siebie i kobiec\u0105 energi\u0119 \u2014 nie tylko na parkiecie, ale te\u017c w codziennym \u017cyciu.Na moich zaj\u0119ciach \u0142\u0105cz\u0119 technik\u0119, ekspresj\u0119 i kobiecy charakter ta\u0144ca, tak aby [&hellip;]<\/p>\n","protected":false},"author":1,"featured_media":0,"parent":0,"menu_order":0,"comment_status":"closed","ping_status":"closed","template":"","meta":{"footnotes":""},"class_list":["post-235","page","type-page","status-publish","hentry"],"_links":{"self":[{"href":"https:\/\/heelsbywerkaao.pl\/index.php?rest_route=\/wp\/v2\/pages\/235","targetHints":{"allow":["GET"]}}],"collection":[{"href":"https:\/\/heelsbywerkaao.pl\/index.php?rest_route=\/wp\/v2\/pages"}],"about":[{"href":"https:\/\/heelsbywerkaao.pl\/index.php?rest_route=\/wp\/v2\/types\/page"}],"author":[{"embeddable":true,"href":"https:\/\/heelsbywerkaao.pl\/index.php?rest_route=\/wp\/v2\/users\/1"}],"replies":[{"embeddable":true,"href":"https:\/\/heelsbywerkaao.pl\/index.php?rest_route=%2Fwp%2Fv2%2Fcomments&post=235"}],"version-history":[{"count":28,"href":"https:\/\/heelsbywerkaao.pl\/index.php?rest_route=\/wp\/v2\/pages\/235\/revisions"}],"predecessor-version":[{"id":597,"href":"https:\/\/heelsbywerkaao.pl\/index.php?rest_route=\/wp\/v2\/pages\/235\/revisions\/597"}],"wp:attachment":[{"href":"https:\/\/heelsbywerkaao.pl\/index.php?rest_route=%2Fwp%2Fv2%2Fmedia&parent=235"}],"curies":[{"name":"wp","href":"https:\/\/api.w.org\/{rel}","templated":true}]}}