{"id":237,"date":"2025-10-25T18:53:18","date_gmt":"2025-10-25T16:53:18","guid":{"rendered":"http:\/\/heelsbywerkaao.pl\/?page_id=237"},"modified":"2025-10-26T01:32:57","modified_gmt":"2025-10-25T23:32:57","slug":"regulamin","status":"publish","type":"page","link":"https:\/\/heelsbywerkaao.pl\/?page_id=237","title":{"rendered":"REGULAMIN"},"content":{"rendered":"\t\t<div data-elementor-type=\"wp-page\" data-elementor-id=\"237\" class=\"elementor elementor-237\" data-elementor-settings=\"{&quot;ha_cmc_init_switcher&quot;:&quot;no&quot;}\">\n\t\t\t\t<div class=\"elementor-element elementor-element-9fc08fd e-flex e-con-boxed tmpcoder-jarallax-no tmpcoder-parallax-no tmpcoder-particle-no tmpcoder-sticky-section-no e-con e-parent\" data-id=\"9fc08fd\" data-element_type=\"container\" data-e-type=\"container\" data-settings=\"{&quot;_ha_eqh_enable&quot;:false}\">\n\t\t\t\t\t<div class=\"e-con-inner\">\n\t\t\t\t<div class=\"elementor-element elementor-element-f12bf07 elementor-widget elementor-widget-spacer\" data-id=\"f12bf07\" data-element_type=\"widget\" data-e-type=\"widget\" data-widget_type=\"spacer.default\">\n\t\t\t\t\t\t\t<div class=\"elementor-spacer\">\n\t\t\t<div class=\"elementor-spacer-inner\"><\/div>\n\t\t<\/div>\n\t\t\t\t\t\t<\/div>\n\t\t\t\t<div class=\"elementor-element elementor-element-fd27304 elementor-invisible elementor-widget elementor-widget-heading\" data-id=\"fd27304\" data-element_type=\"widget\" data-e-type=\"widget\" data-settings=\"{&quot;_animation&quot;:&quot;slideInRight&quot;}\" data-widget_type=\"heading.default\">\n\t\t\t\t\t<h2 class=\"elementor-heading-title elementor-size-default\">Regulamin zaj\u0119\u0107 Dance Studio By Weronika Osm\u0119da<\/h2>\t\t\t\t<\/div>\n\t\t\t\t\t<\/div>\n\t\t\t\t<\/div>\n\t\t<div class=\"elementor-element elementor-element-06c89b0 e-flex e-con-boxed tmpcoder-jarallax-no tmpcoder-parallax-no tmpcoder-particle-no tmpcoder-sticky-section-no e-con e-parent\" data-id=\"06c89b0\" data-element_type=\"container\" data-e-type=\"container\" data-settings=\"{&quot;_ha_eqh_enable&quot;:false}\">\n\t\t\t\t\t<div class=\"e-con-inner\">\n\t\t\t\t<div class=\"elementor-element elementor-element-5fc40f9 elementor-invisible elementor-widget elementor-widget-text-editor\" data-id=\"5fc40f9\" data-element_type=\"widget\" data-e-type=\"widget\" data-settings=\"{&quot;_animation&quot;:&quot;fadeIn&quot;}\" data-widget_type=\"text-editor.default\">\n\t\t\t\t\t\t\t\t\t<ol><li>Udzia\u0142 w zaj\u0119ciach oznacza akceptacj\u0119 regulaminu i zobowi\u0105zanie do przestrzegania jego zasad.<\/li><li>Zaj\u0119cia prowadzi Weronika Osm\u0119da; mo\u017cliwe zast\u0119pstwa instruktorskie.<\/li><li>Zaj\u0119cia odbywaj\u0105 si\u0119 w K\u0142odzku (GP Centrum, Objazdowa 5a) i Z\u0105bkowicach \u015al\u0105skich (Z\u0105bkowickie Centrum Kultury, Rynek 24).<\/li><li>Zapisy przez formularz Google + przelew bankowy.<\/li><li>Op\u0142ata miesi\u0119czna za 4 zaj\u0119cia \u2013 brak mo\u017cliwo\u015bci wykupienia pojedynczych wej\u015b\u0107.<\/li><li>Pierwsza wp\u0142ata \u2013 przelew przed pierwszymi zaj\u0119ciami, kolejne \u2013 got\u00f3wka lub przelew do 15 dnia miesi\u0105ca.<\/li><li>Rezygnacj\u0119 nale\u017cy zg\u0142osi\u0107 co najmniej 5 dni przed rozpocz\u0119ciem nowego miesi\u0105ca; p\u00f3\u017aniej p\u0142atno\u015b\u0107 obowi\u0105zuje w ca\u0142o\u015bci.<\/li><li>Nieobecno\u015bci nale\u017cy zg\u0142asza\u0107 do godz. 12:00 w dniu zaj\u0119\u0107, by m\u00f3c je odrobi\u0107 w innej grupie.<\/li><li>Uczestnictwo jest na w\u0142asn\u0105 odpowiedzialno\u015b\u0107; nie mo\u017cna bra\u0107 udzia\u0142u pod wp\u0142ywem alkoholu lub \u015brodk\u00f3w odurzaj\u0105cych.<\/li><li>Zgoda na publikacj\u0119 wizerunku uczestnika (zdj\u0119cia, video) w celach promocyjnych organizatora jest warunkiem uczestnictwa.<\/li><\/ol>\t\t\t\t\t\t\t\t<\/div>\n\t\t\t\t\t<\/div>\n\t\t\t\t<\/div>\n\t\t<div class=\"elementor-element elementor-element-6b6542e e-flex e-con-boxed tmpcoder-jarallax-no tmpcoder-parallax-no tmpcoder-particle-no tmpcoder-sticky-section-no e-con e-parent\" data-id=\"6b6542e\" data-element_type=\"container\" data-e-type=\"container\" data-settings=\"{&quot;_ha_eqh_enable&quot;:false}\">\n\t\t\t\t\t<div class=\"e-con-inner\">\n\t\t\t\t<div class=\"elementor-element elementor-element-f7851ce elementor-button-info elementor-widget elementor-widget-button\" data-id=\"f7851ce\" data-element_type=\"widget\" data-e-type=\"widget\" data-widget_type=\"button.default\">\n\t\t\t\t\t\t\t\t\t\t<a class=\"elementor-button elementor-button-link elementor-size-sm\" href=\"http:\/\/heelsbywerkaao.pl\/wp-content\/uploads\/2025\/10\/Regulamin-zajec-Weronika-Osmeda.pdf#\" target=\"_blank\" id=\"http:\/\/heelsbywerkaao.pl\/wp-content\/uploads\/2025\/10\/Regulamin-zajec-Weronika-Osmeda.pdf\">\n\t\t\t\t\t\t<span class=\"elementor-button-content-wrapper\">\n\t\t\t\t\t\t\t\t\t<span class=\"elementor-button-text\">Pe\u0142ny regulamin zaj\u0119\u0107<\/span>\n\t\t\t\t\t<\/span>\n\t\t\t\t\t<\/a>\n\t\t\t\t\t\t\t\t<\/div>\n\t\t\t\t\t<\/div>\n\t\t\t\t<\/div>\n\t\t<div class=\"elementor-element elementor-element-153bb40 e-flex e-con-boxed tmpcoder-jarallax-no tmpcoder-parallax-no tmpcoder-particle-no tmpcoder-sticky-section-no e-con e-parent\" data-id=\"153bb40\" data-element_type=\"container\" data-e-type=\"container\" data-settings=\"{&quot;_ha_eqh_enable&quot;:false}\">\n\t\t\t\t\t<div class=\"e-con-inner\">\n\t\t\t\t<div class=\"elementor-element elementor-element-9da234f elementor-widget elementor-widget-spacer\" data-id=\"9da234f\" data-element_type=\"widget\" data-e-type=\"widget\" data-widget_type=\"spacer.default\">\n\t\t\t\t\t\t\t<div class=\"elementor-spacer\">\n\t\t\t<div class=\"elementor-spacer-inner\"><\/div>\n\t\t<\/div>\n\t\t\t\t\t\t<\/div>\n\t\t\t\t\t<\/div>\n\t\t\t\t<\/div>\n\t\t\t\t<\/div>\n\t\t","protected":false},"excerpt":{"rendered":"<p>Regulamin zaj\u0119\u0107 Dance Studio By Weronika Osm\u0119da Udzia\u0142 w zaj\u0119ciach oznacza akceptacj\u0119 regulaminu i zobowi\u0105zanie do przestrzegania jego zasad. Zaj\u0119cia prowadzi Weronika Osm\u0119da; mo\u017cliwe zast\u0119pstwa instruktorskie. Zaj\u0119cia odbywaj\u0105 si\u0119 w K\u0142odzku (GP Centrum, Objazdowa 5a) i Z\u0105bkowicach \u015al\u0105skich (Z\u0105bkowickie Centrum Kultury, Rynek 24). Zapisy przez formularz Google + przelew bankowy. Op\u0142ata miesi\u0119czna za 4 zaj\u0119cia [&hellip;]<\/p>\n","protected":false},"author":1,"featured_media":0,"parent":0,"menu_order":0,"comment_status":"closed","ping_status":"closed","template":"","meta":{"footnotes":""},"class_list":["post-237","page","type-page","status-publish","hentry"],"_links":{"self":[{"href":"https:\/\/heelsbywerkaao.pl\/index.php?rest_route=\/wp\/v2\/pages\/237","targetHints":{"allow":["GET"]}}],"collection":[{"href":"https:\/\/heelsbywerkaao.pl\/index.php?rest_route=\/wp\/v2\/pages"}],"about":[{"href":"https:\/\/heelsbywerkaao.pl\/index.php?rest_route=\/wp\/v2\/types\/page"}],"author":[{"embeddable":true,"href":"https:\/\/heelsbywerkaao.pl\/index.php?rest_route=\/wp\/v2\/users\/1"}],"replies":[{"embeddable":true,"href":"https:\/\/heelsbywerkaao.pl\/index.php?rest_route=%2Fwp%2Fv2%2Fcomments&post=237"}],"version-history":[{"count":10,"href":"https:\/\/heelsbywerkaao.pl\/index.php?rest_route=\/wp\/v2\/pages\/237\/revisions"}],"predecessor-version":[{"id":302,"href":"https:\/\/heelsbywerkaao.pl\/index.php?rest_route=\/wp\/v2\/pages\/237\/revisions\/302"}],"wp:attachment":[{"href":"https:\/\/heelsbywerkaao.pl\/index.php?rest_route=%2Fwp%2Fv2%2Fmedia&parent=237"}],"curies":[{"name":"wp","href":"https:\/\/api.w.org\/{rel}","templated":true}]}}